{"id":966,"date":"2024-04-03T14:34:52","date_gmt":"2024-04-03T14:34:52","guid":{"rendered":"https:\/\/alava.pintxos.eus\/edicion-2023\/"},"modified":"2024-05-21T21:25:30","modified_gmt":"2024-05-21T21:25:30","slug":"edicion-2023","status":"publish","type":"page","link":"https:\/\/alava.pintxos.eus\/eu\/edicion-2023\/","title":{"rendered":"2023ko edizioa"},"content":{"rendered":"\t\t<div data-elementor-type=\"wp-page\" data-elementor-id=\"966\" class=\"elementor elementor-966 elementor-662\" data-elementor-post-type=\"page\">\n\t\t\t\t<div class=\"elementor-element elementor-element-cdaf628 e-flex e-con-boxed wpr-particle-no wpr-jarallax-no wpr-parallax-no wpr-sticky-section-no e-con e-parent\" data-id=\"cdaf628\" data-element_type=\"container\" data-settings=\"{&quot;background_background&quot;:&quot;classic&quot;,&quot;container_type&quot;:&quot;flex&quot;,&quot;content_width&quot;:&quot;boxed&quot;}\" data-core-v316-plus=\"true\">\n\t\t\t\t\t<div class=\"e-con-inner\">\n\t\t\t\t<div class=\"elementor-element elementor-element-5b97788 elementor-widget elementor-widget-spacer\" data-id=\"5b97788\" data-element_type=\"widget\" data-widget_type=\"spacer.default\">\n\t\t\t\t<div class=\"elementor-widget-container\">\n\t\t\t<style>\/*! elementor - v3.19.0 - 29-01-2024 *\/\n.elementor-column .elementor-spacer-inner{height:var(--spacer-size)}.e-con{--container-widget-width:100%}.e-con-inner>.elementor-widget-spacer,.e-con>.elementor-widget-spacer{width:var(--container-widget-width,var(--spacer-size));--align-self:var(--container-widget-align-self,initial);--flex-shrink:0}.e-con-inner>.elementor-widget-spacer>.elementor-widget-container,.e-con>.elementor-widget-spacer>.elementor-widget-container{height:100%;width:100%}.e-con-inner>.elementor-widget-spacer>.elementor-widget-container>.elementor-spacer,.e-con>.elementor-widget-spacer>.elementor-widget-container>.elementor-spacer{height:100%}.e-con-inner>.elementor-widget-spacer>.elementor-widget-container>.elementor-spacer>.elementor-spacer-inner,.e-con>.elementor-widget-spacer>.elementor-widget-container>.elementor-spacer>.elementor-spacer-inner{height:var(--container-widget-height,var(--spacer-size))}.e-con-inner>.elementor-widget-spacer.elementor-widget-empty,.e-con>.elementor-widget-spacer.elementor-widget-empty{position:relative;min-height:22px;min-width:22px}.e-con-inner>.elementor-widget-spacer.elementor-widget-empty .elementor-widget-empty-icon,.e-con>.elementor-widget-spacer.elementor-widget-empty .elementor-widget-empty-icon{position:absolute;top:0;bottom:0;left:0;right:0;margin:auto;padding:0;width:22px;height:22px}<\/style>\t\t<div class=\"elementor-spacer\">\n\t\t\t<div class=\"elementor-spacer-inner\"><\/div>\n\t\t<\/div>\n\t\t\t\t<\/div>\n\t\t\t\t<\/div>\n\t\t\t\t<div class=\"elementor-element elementor-element-a14a53a elementor-invisible elementor-widget elementor-widget-heading\" data-id=\"a14a53a\" data-element_type=\"widget\" data-settings=\"{&quot;_animation&quot;:&quot;fadeInUp&quot;}\" data-widget_type=\"heading.default\">\n\t\t\t\t<div class=\"elementor-widget-container\">\n\t\t\t<style>\/*! elementor - v3.19.0 - 29-01-2024 *\/\n.elementor-heading-title{padding:0;margin:0;line-height:1}.elementor-widget-heading .elementor-heading-title[class*=elementor-size-]>a{color:inherit;font-size:inherit;line-height:inherit}.elementor-widget-heading .elementor-heading-title.elementor-size-small{font-size:15px}.elementor-widget-heading .elementor-heading-title.elementor-size-medium{font-size:19px}.elementor-widget-heading .elementor-heading-title.elementor-size-large{font-size:29px}.elementor-widget-heading .elementor-heading-title.elementor-size-xl{font-size:39px}.elementor-widget-heading .elementor-heading-title.elementor-size-xxl{font-size:59px}<\/style><h2 class=\"elementor-heading-title elementor-size-default\">2023ko edizioa\n<\/h2>\t\t<\/div>\n\t\t\t\t<\/div>\n\t\t\t\t<div class=\"elementor-element elementor-element-8793000 elementor-invisible elementor-widget elementor-widget-heading\" data-id=\"8793000\" data-element_type=\"widget\" data-settings=\"{&quot;_animation&quot;:&quot;fadeInUp&quot;}\" data-widget_type=\"heading.default\">\n\t\t\t\t<div class=\"elementor-widget-container\">\n\t\t\t<h2 class=\"elementor-heading-title elementor-size-default\">Irabazleak<\/h2>\t\t<\/div>\n\t\t\t\t<\/div>\n\t\t\t\t<div class=\"elementor-element elementor-element-968408d elementor-widget elementor-widget-spacer\" data-id=\"968408d\" data-element_type=\"widget\" data-widget_type=\"spacer.default\">\n\t\t\t\t<div class=\"elementor-widget-container\">\n\t\t\t\t\t<div class=\"elementor-spacer\">\n\t\t\t<div class=\"elementor-spacer-inner\"><\/div>\n\t\t<\/div>\n\t\t\t\t<\/div>\n\t\t\t\t<\/div>\n\t\t\t\t\t<\/div>\n\t\t\t\t<\/div>\n\t\t<div class=\"elementor-element elementor-element-4c63597 e-flex e-con-boxed wpr-particle-no wpr-jarallax-no wpr-parallax-no wpr-sticky-section-no e-con e-parent\" data-id=\"4c63597\" data-element_type=\"container\" data-settings=\"{&quot;container_type&quot;:&quot;flex&quot;,&quot;content_width&quot;:&quot;boxed&quot;}\" data-core-v316-plus=\"true\">\n\t\t\t\t\t<div class=\"e-con-inner\">\n\t\t<div class=\"elementor-element elementor-element-467db33 e-flex e-con-boxed wpr-particle-no wpr-jarallax-no wpr-parallax-no wpr-sticky-section-no e-con e-child\" data-id=\"467db33\" data-element_type=\"container\" data-settings=\"{&quot;background_background&quot;:&quot;classic&quot;,&quot;container_type&quot;:&quot;flex&quot;,&quot;content_width&quot;:&quot;boxed&quot;}\">\n\t\t\t\t\t<div class=\"e-con-inner\">\n\t\t<div class=\"elementor-element elementor-element-f6ea87d e-con-full animated-slow e-flex wpr-particle-no wpr-jarallax-no wpr-parallax-no wpr-sticky-section-no elementor-invisible e-con e-child\" data-id=\"f6ea87d\" data-element_type=\"container\" data-settings=\"{&quot;content_width&quot;:&quot;full&quot;,&quot;animation&quot;:&quot;fadeInUp&quot;,&quot;animation_delay&quot;:0,&quot;container_type&quot;:&quot;flex&quot;}\">\n\t\t\t\t<div class=\"elementor-element elementor-element-9576084 elementor-widget__width-auto elementor-widget elementor-widget-heading\" data-id=\"9576084\" data-element_type=\"widget\" data-widget_type=\"heading.default\">\n\t\t\t\t<div class=\"elementor-widget-container\">\n\t\t\t<h2 class=\"elementor-heading-title elementor-size-default\"><strong>URRESKO<\/strong> PINTXOA<\/h2>\t\t<\/div>\n\t\t\t\t<\/div>\n\t\t\t\t<div class=\"elementor-element elementor-element-6213840 elementor-position-top elementor-widget elementor-widget-image-box\" data-id=\"6213840\" data-element_type=\"widget\" data-widget_type=\"image-box.default\">\n\t\t\t\t<div class=\"elementor-widget-container\">\n\t\t\t<style>\/*! elementor - v3.19.0 - 29-01-2024 *\/\n.elementor-widget-image-box .elementor-image-box-content{width:100%}@media (min-width:768px){.elementor-widget-image-box.elementor-position-left .elementor-image-box-wrapper,.elementor-widget-image-box.elementor-position-right .elementor-image-box-wrapper{display:flex}.elementor-widget-image-box.elementor-position-right .elementor-image-box-wrapper{text-align:right;flex-direction:row-reverse}.elementor-widget-image-box.elementor-position-left .elementor-image-box-wrapper{text-align:left;flex-direction:row}.elementor-widget-image-box.elementor-position-top .elementor-image-box-img{margin:auto}.elementor-widget-image-box.elementor-vertical-align-top .elementor-image-box-wrapper{align-items:flex-start}.elementor-widget-image-box.elementor-vertical-align-middle .elementor-image-box-wrapper{align-items:center}.elementor-widget-image-box.elementor-vertical-align-bottom .elementor-image-box-wrapper{align-items:flex-end}}@media (max-width:767px){.elementor-widget-image-box .elementor-image-box-img{margin-left:auto!important;margin-right:auto!important;margin-bottom:15px}}.elementor-widget-image-box .elementor-image-box-img{display:inline-block}.elementor-widget-image-box .elementor-image-box-title a{color:inherit}.elementor-widget-image-box .elementor-image-box-wrapper{text-align:center}.elementor-widget-image-box .elementor-image-box-description{margin:0}<\/style><div class=\"elementor-image-box-wrapper\"><figure class=\"elementor-image-box-img\"><img fetchpriority=\"high\" decoding=\"async\" width=\"1909\" height=\"1909\" src=\"https:\/\/alava.pintxos.eus\/wp-content\/uploads\/2023\/09\/bar-dolar.png\" class=\"attachment-full size-full wp-image-898\" alt=\"\" srcset=\"https:\/\/alava.pintxos.eus\/wp-content\/uploads\/2023\/09\/bar-dolar.png 1909w, https:\/\/alava.pintxos.eus\/wp-content\/uploads\/2023\/09\/bar-dolar-300x300.png 300w, https:\/\/alava.pintxos.eus\/wp-content\/uploads\/2023\/09\/bar-dolar-1024x1024.png 1024w, https:\/\/alava.pintxos.eus\/wp-content\/uploads\/2023\/09\/bar-dolar-150x150.png 150w, https:\/\/alava.pintxos.eus\/wp-content\/uploads\/2023\/09\/bar-dolar-768x768.png 768w, https:\/\/alava.pintxos.eus\/wp-content\/uploads\/2023\/09\/bar-dolar-1536x1536.png 1536w\" sizes=\"(max-width: 1909px) 100vw, 1909px\" \/><\/figure><div class=\"elementor-image-box-content\"><h3 class=\"elementor-image-box-title\">El Dolar<\/h3><p class=\"elementor-image-box-description\">Juan Garc\u00eda e Iv\u00e1n Fern\u00e1ndez<\/p><\/div><\/div>\t\t<\/div>\n\t\t\t\t<\/div>\n\t\t\t\t<\/div>\n\t\t<div class=\"elementor-element elementor-element-4432616 e-con-full animated-slow e-flex wpr-particle-no wpr-jarallax-no wpr-parallax-no wpr-sticky-section-no elementor-invisible e-con e-child\" data-id=\"4432616\" data-element_type=\"container\" data-settings=\"{&quot;content_width&quot;:&quot;full&quot;,&quot;animation&quot;:&quot;fadeInUp&quot;,&quot;animation_delay&quot;:0,&quot;container_type&quot;:&quot;flex&quot;}\">\n\t\t\t\t<div class=\"elementor-element elementor-element-f1d98fa elementor-widget__width-auto elementor-widget elementor-widget-heading\" data-id=\"f1d98fa\" data-element_type=\"widget\" data-widget_type=\"heading.default\">\n\t\t\t\t<div class=\"elementor-widget-container\">\n\t\t\t<h2 class=\"elementor-heading-title elementor-size-default\"><strong>ZILARREZKO<\/strong> PINTXOA<\/h2>\t\t<\/div>\n\t\t\t\t<\/div>\n\t\t\t\t<div class=\"elementor-element elementor-element-f6c7aa8 elementor-position-top elementor-widget elementor-widget-image-box\" data-id=\"f6c7aa8\" data-element_type=\"widget\" data-widget_type=\"image-box.default\">\n\t\t\t\t<div class=\"elementor-widget-container\">\n\t\t\t<div class=\"elementor-image-box-wrapper\"><figure class=\"elementor-image-box-img\"><img decoding=\"async\" width=\"1909\" height=\"1909\" src=\"https:\/\/alava.pintxos.eus\/wp-content\/uploads\/2023\/09\/Hazia.png\" class=\"attachment-full size-full wp-image-884\" alt=\"\" srcset=\"https:\/\/alava.pintxos.eus\/wp-content\/uploads\/2023\/09\/Hazia.png 1909w, https:\/\/alava.pintxos.eus\/wp-content\/uploads\/2023\/09\/Hazia-300x300.png 300w, https:\/\/alava.pintxos.eus\/wp-content\/uploads\/2023\/09\/Hazia-1024x1024.png 1024w, https:\/\/alava.pintxos.eus\/wp-content\/uploads\/2023\/09\/Hazia-150x150.png 150w, https:\/\/alava.pintxos.eus\/wp-content\/uploads\/2023\/09\/Hazia-768x768.png 768w, https:\/\/alava.pintxos.eus\/wp-content\/uploads\/2023\/09\/Hazia-1536x1536.png 1536w\" sizes=\"(max-width: 1909px) 100vw, 1909px\" \/><\/figure><div class=\"elementor-image-box-content\"><h3 class=\"elementor-image-box-title\">Hazia<\/h3><p class=\"elementor-image-box-description\">Aitzol Narbona Beitia y <br>Gorka Jim\u00e9nez Elizalde<\/p><\/div><\/div>\t\t<\/div>\n\t\t\t\t<\/div>\n\t\t\t\t<\/div>\n\t\t<div class=\"elementor-element elementor-element-253d524 e-con-full animated-slow e-flex wpr-particle-no wpr-jarallax-no wpr-parallax-no wpr-sticky-section-no elementor-invisible e-con e-child\" data-id=\"253d524\" data-element_type=\"container\" data-settings=\"{&quot;content_width&quot;:&quot;full&quot;,&quot;animation&quot;:&quot;fadeInUp&quot;,&quot;animation_delay&quot;:0,&quot;container_type&quot;:&quot;flex&quot;}\">\n\t\t\t\t<div class=\"elementor-element elementor-element-83629ca elementor-widget__width-auto elementor-widget elementor-widget-heading\" data-id=\"83629ca\" data-element_type=\"widget\" data-widget_type=\"heading.default\">\n\t\t\t\t<div class=\"elementor-widget-container\">\n\t\t\t<h2 class=\"elementor-heading-title elementor-size-default\"><strong>BRONTZEZKO<\/strong> PINTXOA<\/h2>\t\t<\/div>\n\t\t\t\t<\/div>\n\t\t\t\t<div class=\"elementor-element elementor-element-715a0da elementor-position-top elementor-widget elementor-widget-image-box\" data-id=\"715a0da\" data-element_type=\"widget\" data-widget_type=\"image-box.default\">\n\t\t\t\t<div class=\"elementor-widget-container\">\n\t\t\t<div class=\"elementor-image-box-wrapper\"><figure class=\"elementor-image-box-img\"><img decoding=\"async\" width=\"1909\" height=\"1909\" src=\"https:\/\/alava.pintxos.eus\/wp-content\/uploads\/2023\/09\/mexicano.jpg\" class=\"attachment-full size-full wp-image-895\" alt=\"\" srcset=\"https:\/\/alava.pintxos.eus\/wp-content\/uploads\/2023\/09\/mexicano.jpg 1909w, https:\/\/alava.pintxos.eus\/wp-content\/uploads\/2023\/09\/mexicano-300x300.jpg 300w, https:\/\/alava.pintxos.eus\/wp-content\/uploads\/2023\/09\/mexicano-1024x1024.jpg 1024w, https:\/\/alava.pintxos.eus\/wp-content\/uploads\/2023\/09\/mexicano-150x150.jpg 150w, https:\/\/alava.pintxos.eus\/wp-content\/uploads\/2023\/09\/mexicano-768x768.jpg 768w, https:\/\/alava.pintxos.eus\/wp-content\/uploads\/2023\/09\/mexicano-1536x1536.jpg 1536w\" sizes=\"(max-width: 1909px) 100vw, 1909px\" \/><\/figure><div class=\"elementor-image-box-content\"><h3 class=\"elementor-image-box-title\">El Mexicano y mucho m\u00e1s<\/h3><p class=\"elementor-image-box-description\">Alberto Solana y Marisa Barrio<\/p><\/div><\/div>\t\t<\/div>\n\t\t\t\t<\/div>\n\t\t\t\t<\/div>\n\t\t\t\t\t<\/div>\n\t\t\t\t<\/div>\n\t\t\t\t\t<\/div>\n\t\t\t\t<\/div>\n\t\t<div class=\"elementor-element elementor-element-5a6f673 e-flex e-con-boxed wpr-particle-no wpr-jarallax-no wpr-parallax-no wpr-sticky-section-no e-con e-parent\" data-id=\"5a6f673\" data-element_type=\"container\" data-settings=\"{&quot;background_background&quot;:&quot;classic&quot;,&quot;container_type&quot;:&quot;flex&quot;,&quot;content_width&quot;:&quot;boxed&quot;}\" data-core-v316-plus=\"true\">\n\t\t\t\t\t<div class=\"e-con-inner\">\n\t\t<div class=\"elementor-element elementor-element-d004121 e-con-full animated-slow e-flex wpr-particle-no wpr-jarallax-no wpr-parallax-no wpr-sticky-section-no elementor-invisible e-con e-child\" data-id=\"d004121\" data-element_type=\"container\" data-settings=\"{&quot;content_width&quot;:&quot;full&quot;,&quot;animation&quot;:&quot;fadeInUp&quot;,&quot;animation_delay&quot;:0,&quot;container_type&quot;:&quot;flex&quot;}\">\n\t\t\t\t<div class=\"elementor-element elementor-element-3de5656 elementor-widget__width-auto elementor-widget elementor-widget-heading\" data-id=\"3de5656\" data-element_type=\"widget\" data-widget_type=\"heading.default\">\n\t\t\t\t<div class=\"elementor-widget-container\">\n\t\t\t<h2 class=\"elementor-heading-title elementor-size-default\"> <strong> SEA<\/strong> <\/h2>\t\t<\/div>\n\t\t\t\t<\/div>\n\t\t\t\t<div class=\"elementor-element elementor-element-d3a99a7 elementor-position-top elementor-widget elementor-widget-image-box\" data-id=\"d3a99a7\" data-element_type=\"widget\" data-widget_type=\"image-box.default\">\n\t\t\t\t<div class=\"elementor-widget-container\">\n\t\t\t<div class=\"elementor-image-box-wrapper\"><figure class=\"elementor-image-box-img\"><img loading=\"lazy\" decoding=\"async\" width=\"1909\" height=\"1909\" src=\"https:\/\/alava.pintxos.eus\/wp-content\/uploads\/2023\/09\/mexicano.png\" class=\"attachment-full size-full wp-image-893\" alt=\"\" srcset=\"https:\/\/alava.pintxos.eus\/wp-content\/uploads\/2023\/09\/mexicano.png 1909w, https:\/\/alava.pintxos.eus\/wp-content\/uploads\/2023\/09\/mexicano-300x300.png 300w, https:\/\/alava.pintxos.eus\/wp-content\/uploads\/2023\/09\/mexicano-1024x1024.png 1024w, https:\/\/alava.pintxos.eus\/wp-content\/uploads\/2023\/09\/mexicano-150x150.png 150w, https:\/\/alava.pintxos.eus\/wp-content\/uploads\/2023\/09\/mexicano-768x768.png 768w, https:\/\/alava.pintxos.eus\/wp-content\/uploads\/2023\/09\/mexicano-1536x1536.png 1536w\" sizes=\"(max-width: 1909px) 100vw, 1909px\" \/><\/figure><div class=\"elementor-image-box-content\"><h3 class=\"elementor-image-box-title\">El Tabanko<\/h3><p class=\"elementor-image-box-description\">JON IRAULTZA<\/p><\/div><\/div>\t\t<\/div>\n\t\t\t\t<\/div>\n\t\t\t\t<\/div>\n\t\t<div class=\"elementor-element elementor-element-33e8f5b e-con-full animated-slow e-flex wpr-particle-no wpr-jarallax-no wpr-parallax-no wpr-sticky-section-no elementor-invisible e-con e-child\" data-id=\"33e8f5b\" data-element_type=\"container\" data-settings=\"{&quot;content_width&quot;:&quot;full&quot;,&quot;animation&quot;:&quot;fadeInUp&quot;,&quot;animation_delay&quot;:0,&quot;container_type&quot;:&quot;flex&quot;}\">\n\t\t\t\t<div class=\"elementor-element elementor-element-1b9a5df elementor-widget__width-auto elementor-widget elementor-widget-heading\" data-id=\"1b9a5df\" data-element_type=\"widget\" data-widget_type=\"heading.default\">\n\t\t\t\t<div class=\"elementor-widget-container\">\n\t\t\t<h2 class=\"elementor-heading-title elementor-size-default\">PINTXO <strong> HERRIKOIA<\/strong><\/h2>\t\t<\/div>\n\t\t\t\t<\/div>\n\t\t\t\t<div class=\"elementor-element elementor-element-754854b elementor-position-top elementor-widget elementor-widget-image-box\" data-id=\"754854b\" data-element_type=\"widget\" data-widget_type=\"image-box.default\">\n\t\t\t\t<div class=\"elementor-widget-container\">\n\t\t\t<div class=\"elementor-image-box-wrapper\"><figure class=\"elementor-image-box-img\"><img loading=\"lazy\" decoding=\"async\" width=\"1909\" height=\"1909\" src=\"https:\/\/alava.pintxos.eus\/wp-content\/uploads\/2023\/09\/el-golpe.png\" class=\"attachment-full size-full wp-image-888\" alt=\"\" srcset=\"https:\/\/alava.pintxos.eus\/wp-content\/uploads\/2023\/09\/el-golpe.png 1909w, https:\/\/alava.pintxos.eus\/wp-content\/uploads\/2023\/09\/el-golpe-300x300.png 300w, https:\/\/alava.pintxos.eus\/wp-content\/uploads\/2023\/09\/el-golpe-1024x1024.png 1024w, https:\/\/alava.pintxos.eus\/wp-content\/uploads\/2023\/09\/el-golpe-150x150.png 150w, https:\/\/alava.pintxos.eus\/wp-content\/uploads\/2023\/09\/el-golpe-768x768.png 768w, https:\/\/alava.pintxos.eus\/wp-content\/uploads\/2023\/09\/el-golpe-1536x1536.png 1536w\" sizes=\"(max-width: 1909px) 100vw, 1909px\" \/><\/figure><div class=\"elementor-image-box-content\"><h3 class=\"elementor-image-box-title\">El Golpe<\/h3><p class=\"elementor-image-box-description\">\nIsaac Cerezuela<\/p><\/div><\/div>\t\t<\/div>\n\t\t\t\t<\/div>\n\t\t\t\t<\/div>\n\t\t<div class=\"elementor-element elementor-element-62ed101 e-con-full animated-slow e-flex wpr-particle-no wpr-jarallax-no wpr-parallax-no wpr-sticky-section-no elementor-invisible e-con e-child\" data-id=\"62ed101\" data-element_type=\"container\" data-settings=\"{&quot;content_width&quot;:&quot;full&quot;,&quot;animation&quot;:&quot;fadeInUp&quot;,&quot;animation_delay&quot;:0,&quot;container_type&quot;:&quot;flex&quot;}\">\n\t\t\t\t<div class=\"elementor-element elementor-element-d4a7318 elementor-widget__width-auto elementor-widget elementor-widget-heading\" data-id=\"d4a7318\" data-element_type=\"widget\" data-widget_type=\"heading.default\">\n\t\t\t\t<div class=\"elementor-widget-container\">\n\t\t\t<h2 class=\"elementor-heading-title elementor-size-default\">MADRID<strong> FUSI\u00d3N<\/strong> <\/h2>\t\t<\/div>\n\t\t\t\t<\/div>\n\t\t\t\t<div class=\"elementor-element elementor-element-4329afe elementor-position-top elementor-widget elementor-widget-image-box\" data-id=\"4329afe\" data-element_type=\"widget\" data-widget_type=\"image-box.default\">\n\t\t\t\t<div class=\"elementor-widget-container\">\n\t\t\t<div class=\"elementor-image-box-wrapper\"><figure class=\"elementor-image-box-img\"><img loading=\"lazy\" decoding=\"async\" width=\"1909\" height=\"1909\" src=\"https:\/\/alava.pintxos.eus\/wp-content\/uploads\/2023\/09\/mexicano.png\" class=\"attachment-full size-full wp-image-893\" alt=\"\" srcset=\"https:\/\/alava.pintxos.eus\/wp-content\/uploads\/2023\/09\/mexicano.png 1909w, https:\/\/alava.pintxos.eus\/wp-content\/uploads\/2023\/09\/mexicano-300x300.png 300w, https:\/\/alava.pintxos.eus\/wp-content\/uploads\/2023\/09\/mexicano-1024x1024.png 1024w, https:\/\/alava.pintxos.eus\/wp-content\/uploads\/2023\/09\/mexicano-150x150.png 150w, https:\/\/alava.pintxos.eus\/wp-content\/uploads\/2023\/09\/mexicano-768x768.png 768w, https:\/\/alava.pintxos.eus\/wp-content\/uploads\/2023\/09\/mexicano-1536x1536.png 1536w\" sizes=\"(max-width: 1909px) 100vw, 1909px\" \/><\/figure><div class=\"elementor-image-box-content\"><h3 class=\"elementor-image-box-title\">El Tabanko<\/h3><p class=\"elementor-image-box-description\">JON IRAULTZA<\/p><\/div><\/div>\t\t<\/div>\n\t\t\t\t<\/div>\n\t\t\t\t<\/div>\n\t\t\t\t\t<\/div>\n\t\t\t\t<\/div>\n\t\t<div class=\"elementor-element elementor-element-1485d71 e-flex e-con-boxed wpr-particle-no wpr-jarallax-no wpr-parallax-no wpr-sticky-section-no elementor-invisible e-con e-parent\" data-id=\"1485d71\" data-element_type=\"container\" data-settings=\"{&quot;animation&quot;:&quot;fadeInUp&quot;,&quot;container_type&quot;:&quot;flex&quot;,&quot;content_width&quot;:&quot;boxed&quot;}\" data-core-v316-plus=\"true\">\n\t\t\t\t\t<div class=\"e-con-inner\">\n\t\t\t\t<div class=\"elementor-element elementor-element-8f02385 elementor-widget elementor-widget-spacer\" data-id=\"8f02385\" data-element_type=\"widget\" data-widget_type=\"spacer.default\">\n\t\t\t\t<div class=\"elementor-widget-container\">\n\t\t\t\t\t<div class=\"elementor-spacer\">\n\t\t\t<div class=\"elementor-spacer-inner\"><\/div>\n\t\t<\/div>\n\t\t\t\t<\/div>\n\t\t\t\t<\/div>\n\t\t\t\t<div class=\"elementor-element elementor-element-e298886 elementor-widget elementor-widget-heading\" data-id=\"e298886\" data-element_type=\"widget\" data-widget_type=\"heading.default\">\n\t\t\t\t<div class=\"elementor-widget-container\">\n\t\t\t<h2 class=\"elementor-heading-title elementor-size-default\">Laburpena<\/h2>\t\t<\/div>\n\t\t\t\t<\/div>\n\t\t\t\t<div class=\"elementor-element elementor-element-ebbddff elementor-widget elementor-widget-spacer\" data-id=\"ebbddff\" data-element_type=\"widget\" data-widget_type=\"spacer.default\">\n\t\t\t\t<div class=\"elementor-widget-container\">\n\t\t\t\t\t<div class=\"elementor-spacer\">\n\t\t\t<div class=\"elementor-spacer-inner\"><\/div>\n\t\t<\/div>\n\t\t\t\t<\/div>\n\t\t\t\t<\/div>\n\t\t\t\t<div class=\"elementor-element elementor-element-8513ed8 elementor-widget elementor-widget-video\" data-id=\"8513ed8\" data-element_type=\"widget\" data-settings=\"{&quot;youtube_url&quot;:&quot;https:\\\/\\\/www.youtube.com\\\/watch?v=ZI5DOls0UsU&quot;,&quot;play_on_mobile&quot;:&quot;yes&quot;,&quot;loop&quot;:&quot;yes&quot;,&quot;autoplay&quot;:&quot;yes&quot;,&quot;video_type&quot;:&quot;youtube&quot;,&quot;controls&quot;:&quot;yes&quot;}\" data-widget_type=\"video.default\">\n\t\t\t\t<div class=\"elementor-widget-container\">\n\t\t\t<style>\/*! elementor - v3.19.0 - 29-01-2024 *\/\n.elementor-widget-video .elementor-widget-container{overflow:hidden;transform:translateZ(0)}.elementor-widget-video .elementor-wrapper{aspect-ratio:var(--video-aspect-ratio)}.elementor-widget-video .elementor-wrapper iframe,.elementor-widget-video .elementor-wrapper video{height:100%;width:100%;display:flex;border:none;background-color:#000}@supports not (aspect-ratio:1\/1){.elementor-widget-video .elementor-wrapper{position:relative;overflow:hidden;height:0;padding-bottom:calc(100% \/ var(--video-aspect-ratio))}.elementor-widget-video .elementor-wrapper iframe,.elementor-widget-video .elementor-wrapper video{position:absolute;top:0;right:0;bottom:0;left:0}}.elementor-widget-video .elementor-open-inline .elementor-custom-embed-image-overlay{position:absolute;top:0;right:0;bottom:0;left:0;background-size:cover;background-position:50%}.elementor-widget-video .elementor-custom-embed-image-overlay{cursor:pointer;text-align:center}.elementor-widget-video .elementor-custom-embed-image-overlay:hover .elementor-custom-embed-play i{opacity:1}.elementor-widget-video .elementor-custom-embed-image-overlay img{display:block;width:100%;aspect-ratio:var(--video-aspect-ratio);-o-object-fit:cover;object-fit:cover;-o-object-position:center center;object-position:center center}@supports not (aspect-ratio:1\/1){.elementor-widget-video .elementor-custom-embed-image-overlay{position:relative;overflow:hidden;height:0;padding-bottom:calc(100% \/ var(--video-aspect-ratio))}.elementor-widget-video .elementor-custom-embed-image-overlay img{position:absolute;top:0;right:0;bottom:0;left:0}}.elementor-widget-video .e-hosted-video .elementor-video{-o-object-fit:cover;object-fit:cover}.e-con-inner>.elementor-widget-video,.e-con>.elementor-widget-video{width:var(--container-widget-width);--flex-grow:var(--container-widget-flex-grow)}<\/style>\t\t<div class=\"elementor-wrapper elementor-open-inline\">\n\t\t\t<div class=\"elementor-video\"><\/div>\t\t<\/div>\n\t\t\t\t<\/div>\n\t\t\t\t<\/div>\n\t\t\t\t<div class=\"elementor-element elementor-element-b8ea489 elementor-widget elementor-widget-spacer\" data-id=\"b8ea489\" data-element_type=\"widget\" data-widget_type=\"spacer.default\">\n\t\t\t\t<div class=\"elementor-widget-container\">\n\t\t\t\t\t<div class=\"elementor-spacer\">\n\t\t\t<div class=\"elementor-spacer-inner\"><\/div>\n\t\t<\/div>\n\t\t\t\t<\/div>\n\t\t\t\t<\/div>\n\t\t\t\t\t<\/div>\n\t\t\t\t<\/div>\n\t\t\t\t<\/div>\n\t\t","protected":false},"excerpt":{"rendered":"<p>Edici\u00f3n 2023 Ganadores PINTXO DE ORO El Dolar Juan Garc\u00eda e Iv\u00e1n Fern\u00e1ndez PINTXO DE PLATA Hazia Aitzol Narbona Beitia y Gorka Jim\u00e9nez Elizalde PINTXO DE BRONCE El Mexicano y mucho m\u00e1s Alberto Solana y Marisa Barrio SEA El Tabanko JON IRAULTZA PINTXO POPULAR El Golpe Isaac Cerezuela MADRID FUSI\u00d3N El Tabanko JON IRAULTZA Resumen<\/p>\n","protected":false},"author":3,"featured_media":0,"parent":0,"menu_order":0,"comment_status":"closed","ping_status":"closed","template":"","meta":{"footnotes":""},"class_list":["post-966","page","type-page","status-publish","hentry"],"_links":{"self":[{"href":"https:\/\/alava.pintxos.eus\/eu\/wp-json\/wp\/v2\/pages\/966","targetHints":{"allow":["GET"]}}],"collection":[{"href":"https:\/\/alava.pintxos.eus\/eu\/wp-json\/wp\/v2\/pages"}],"about":[{"href":"https:\/\/alava.pintxos.eus\/eu\/wp-json\/wp\/v2\/types\/page"}],"author":[{"embeddable":true,"href":"https:\/\/alava.pintxos.eus\/eu\/wp-json\/wp\/v2\/users\/3"}],"replies":[{"embeddable":true,"href":"https:\/\/alava.pintxos.eus\/eu\/wp-json\/wp\/v2\/comments?post=966"}],"version-history":[{"count":4,"href":"https:\/\/alava.pintxos.eus\/eu\/wp-json\/wp\/v2\/pages\/966\/revisions"}],"predecessor-version":[{"id":981,"href":"https:\/\/alava.pintxos.eus\/eu\/wp-json\/wp\/v2\/pages\/966\/revisions\/981"}],"wp:attachment":[{"href":"https:\/\/alava.pintxos.eus\/eu\/wp-json\/wp\/v2\/media?parent=966"}],"curies":[{"name":"wp","href":"https:\/\/api.w.org\/{rel}","templated":true}]}}